{"id":916,"date":"2019-11-15T15:48:30","date_gmt":"2019-11-15T15:48:30","guid":{"rendered":"http:\/\/it.areas.com\/?page_id=916"},"modified":"2023-06-13T08:51:30","modified_gmt":"2023-06-13T08:51:30","slug":"cookie-policy","status":"publish","type":"page","link":"https:\/\/it.areas.com\/it\/cookie-policy\/","title":{"rendered":"Cookie Policy"},"content":{"rendered":"<p><strong>Che cos\u2019\u00e8 un cookie?<\/strong><\/p>\n<p>&#8220;I cookie sono piccole quantit\u00e0 di informazioni archiviate nel browser utilizzate da ciascun utente (di seguito, \u201cUtente\u201d o \u201cUtenti\u201d) in modo che il server ricordi determinate informazioni che in seguito verranno lette solo dal server che le ha implementate. I cookie hanno generalmente una durata limitata nel tempo.<\/p>\n<p>I cookie consentono ai visitatori di questo sito Web https:\/\/it.areas.com\/ (di seguito denominato il \u201csito Web\u201d), tra le altre cose, di memorizzare e conservare informazioni sulle abitudini di navigazione degli utenti che accedono al sito Web o ai suoi dispositivi e, a seconda delle informazioni in esso contenute e dell\u2019uso che stanno facendo dei dispositivi, possono essere utilizzati per riconoscere l\u2019utente.&#8221;<\/p>\n<p><strong>Quali cookie utilizziamo?<\/strong><\/p>\n<p>&#8220;Il sito Web utilizza cookie propri e di terze parti.<\/p>\n<p>Il sito Web utilizza i seguenti cookie propri:<\/p>\n<p>\u2013 Cookie tecnici (sempre attivati): sono quelli che consentono all\u2019Utente di navigare attraverso una pagina Web e utilizzare le diverse opzioni o servizi esistenti, come, ad esempio, controllare il traffico e la comunicazione dei dati, identificare la sessione, l\u2019accesso alle parti ad accesso limitato, ecc.<\/p>\n<p>\u2013 Cookie di analisi: sono quelli che consentono il monitoraggio e l\u2019analisi del comportamento dell\u2019utente. Le informazioni raccolte attraverso questo tipo di cookie vengono utilizzate nella misurazione dell\u2019attivit\u00e0 del sito Web e per l\u2019elaborazione dei profili di navigazione degli Utenti, al fine di introdurre miglioramenti.<\/p>\n<p>Inoltre, il sito Web utilizza i seguenti cookie e tecnologie di terze parti, che si basano sul loro scopo:&#8221;<\/p>\n<p><\/p>\n<table class=\"table table-bordered cookiestable\">\n<thead>\n<tr class=\"border\">\n<td><b>Finalidad de la cookie<\/b><\/td>\n<td colspan=\"2\"><b>Nombre de la cookie<\/b><\/td>\n<td><b>Descripci\u00f3n<\/b><\/td>\n<td colspan=\"2\"><b>Origen\/Tercero titular<\/b><\/td>\n<td><b>Duraci\u00f3n<\/b><\/td>\n<\/tr>\n<\/thead>\n<tbody class=\"border\">\n<tr>\n<td rowspan=\"3\"><span style=\"font-weight: 400;\">Anal\u00edticas<\/span><\/td>\n<td colspan=\"2\"><span style=\"font-weight: 400;\">_ga<\/span><\/td>\n<td><span style=\"font-weight: 400;\">Se usa para distinguir a los usuarios<\/span><\/td>\n<td colspan=\"2\"><span style=\"font-weight: 400;\">\u00a0Google Analytics<\/span><\/td>\n<td><span style=\"font-weight: 400;\">\u00a02 a\u00f1os<\/span><\/td>\n<\/tr>\n<tr>\n<td colspan=\"2\"><span style=\"font-weight: 400;\">_gid<\/span><\/td>\n<td><span style=\"font-weight: 400;\">Se usa para distinguir a los usuarios.<\/span><\/td>\n<td colspan=\"2\"><span style=\"font-weight: 400;\">\u00a0Google Analytics<\/span><\/td>\n<td><span style=\"font-weight: 400;\">\u00a024 horas<\/span><\/td>\n<\/tr>\n<tr>\n<td colspan=\"2\"><span style=\"font-weight: 400;\">_gat<\/span><\/td>\n<td><span style=\"font-weight: 400;\">Se usa para limitar el porcentaje de solicitudes. Si se ha implementado Google Analytics mediante Google Tag Manager, esta cookie se llamar\u00e1 _dc_gtm_.<\/span><\/td>\n<td colspan=\"2\"><span style=\"font-weight: 400;\">\u00a0Google Analytics<\/span><\/td>\n<td><span style=\"font-weight: 400;\">\u00a01 minuto <\/span><\/td>\n<\/tr>\n<tr>\n<td rowspan=\"5\"><span style=\"font-weight: 400;\">T\u00e9cnicas<\/span><\/td>\n<td colspan=\"2\"><span style=\"font-weight: 400;\">\u00a0awe_anon-client-id<\/span><\/td>\n<td><span style=\"font-weight: 400;\">\u00a0Informaci\u00f3n sobre lo que hace el usuario durante una sola sesi\u00f3n. Las cookie se almacenan temporalmente en la memoria y se eliminan autom\u00e1ticamente cuando el navegador se cierra o finaliza la sesi\u00f3n.<\/span><\/td>\n<td colspan=\"2\"><span style=\"font-weight: 400;\">\u00a0Areas<\/span><\/td>\n<td><span style=\"font-weight: 400;\">\u00a0Sesi\u00f3n<\/span><\/td>\n<\/tr>\n<tr>\n<td colspan=\"2\"><span style=\"font-weight: 400;\">awe-cookie-authorization_is-set<\/span><\/td>\n<td rowspan=\"4\"><span style=\"font-weight: 400; text-align: center;\">Administraci\u00f3n de las respuestas del usuario a las preferencias de cookies<\/span><\/td>\n<td colspan=\"2\" rowspan=\"4\"><span style=\"font-weight: 400;\"> Areas <\/span><\/td>\n<td rowspan=\"4\"><span style=\"font-weight: 400;\"> 30 d\u00edas <\/span><\/td>\n<\/tr>\n<tr>\n<td colspan=\"2\"><span style=\"font-weight: 400;\">awe-cookie-authorization_perf-track<\/span><\/td>\n<\/tr>\n<tr>\n<td colspan=\"2\"><span style=\"font-weight: 400;\">awe-cookie-authorization_required<\/span><\/td>\n<\/tr>\n<tr>\n<td colspan=\"2\"><span style=\"font-weight: 400;\">awe-cookie-authorization_user-pref<\/span><\/td>\n<\/tr>\n<tr>\n<td rowspan=\"2\"><span style=\"font-weight: 400;\">Otras<\/span><\/td>\n<td><span style=\"font-weight: 400;\">ModalShown<\/span><\/td>\n<td colspan=\"2\"><span style=\"font-weight: 400;\"> Pop-up para las preferencia del usuario en cuanto a las cookies<\/span><\/td>\n<td><span style=\"font-weight: 400;\"> Areas <\/span><\/td>\n<td colspan=\"2\"><span style=\"font-weight: 400;\"> 30 d\u00edas<\/span><\/td>\n<\/tr>\n<tr>\n<td><span style=\"font-weight: 400;\">IDE<\/span><\/td>\n<td colspan=\"2\"><span style=\"font-weight: 400;\"> Personalizaci\u00f3n de anuncios<\/span><\/td>\n<td><span style=\"font-weight: 400;\"> doubleclick.net <\/span><\/td>\n<td colspan=\"2\"><span style=\"font-weight: 400;\"> 25 d\u00edas<\/span><\/td>\n<\/tr>\n<\/tbody>\n<\/table>\n<p>&nbsp;<\/p>\n<p>Per ulteriori informazioni sui cookie di terze parti l\u2019utente pu\u00f2 visitare:<\/p>\n<ul class=\"list\">\n<li><i><a href=\"https:\/\/developers.google.com\/analytics\/devguides\/collection\/analyticsjs\/cookie-usage\" target=\"_blank\" rel=\"noopener noreferrer\">Google Analytics<\/a><\/i><\/li>\n<li><i><a href=\"https:\/\/policies.google.com\/technologies\/types\" target=\"_blank\" rel=\"noopener noreferrer\">Google<\/a><\/i><\/li>\n<\/ul>\n<p>&nbsp;<br \/>\nN\u00e9 questo sito Web n\u00e9 i suoi rappresentanti legali sono responsabili del contenuto o della veridicit\u00e0 delle politiche sulla privacy che potrebbero avere terze parti menzionate nella presente politica sui cookie. I browser Web sono gli strumenti responsabili della memorizzazione dei cookie e da questo luogo gli Utenti devono esercitare il loro diritto di eliminarli o disattivarli. N\u00e9 questo sito Web n\u00e9 i suoi rappresentanti legali possono garantire la manipolazione corretta o errata dei cookie da parte di tali browser. In alcuni casi, \u00e8 necessario installare i cookie in modo che il browser non dimentichi la tua decisione di non accettarli.<\/p>\n<p><strong>Chi usa i cookie?<\/strong><\/p>\n<p>Le informazioni ottenute tramite i cookie saranno raccolte ed elaborate da MyChef Ristorazione Commerciale SpA, di seguito Areas, con sede legale in via Caldera 21 \u2013 20153 Milano per la corretta gestione del sito Web.<\/p>\n<p><strong>Come si possono disattivare i cookie?<\/strong><\/p>\n<p>Se l\u2019utente desidera approfondire le modalit\u00e0 con cui il suo browser memorizza i cookie durante la navigazione, pu\u00f2 seguire questi link sui siti dei rispettivi fornitori:<\/p>\n<p>&#8220;AREAS pu\u00f2 modificare la presente Politica sui cookie in base a nuovi requisiti legislativi e regolamentari o allo scopo di adattare tale politica alle istruzioni dell\u2019Autorit\u00e0 Garante per la protezione dei dati. In caso di cambiamenti significativi nella presente Politica sui cookie, questi verranno comunicati agli Utenti tramite un avviso informativo sul sito Web.<\/p>\n<p>Per qualsiasi domanda sulla presente Politica, inviare una richiesta all\u2019indirizzo e-mail <a href=\"mailto:gdpr-italia@areas.com\">gdpr-contact@areas.com<\/a>.<\/p>\n<p><strong>Modifiche alla politica sui cookie<\/strong><\/p>\n<p>&#8220;AREAS pu\u00f2 modificare la presente Politica sui cookie in base a nuovi requisiti legislativi e regolamentari o allo scopo di adattare tale politica alle istruzioni dell\u2019Autorit\u00e0 Garante per la protezione dei dati. In caso di cambiamenti significativi nella presente Politica sui cookie, questi verranno comunicati agli Utenti tramite un avviso informativo sul sito Web.<\/p>\n<p>Per qualsiasi domanda sulla presente Politica, inviare una richiesta all\u2019indirizzo e-mail <a href=\"mailto:gdpr-italia@areas.com\">gdpr-contact@areas.com<\/a>.<\/p>\n","protected":false},"excerpt":{"rendered":"<p>Che cos\u2019\u00e8 un cookie? &#8220;I cookie sono piccole quantit\u00e0 di informazioni archiviate nel browser utilizzate da ciascun utente (di seguito, \u201cUtente\u201d o \u201cUtenti\u201d) in modo che il server ri","protected":false},"author":2,"featured_media":0,"parent":0,"menu_order":0,"comment_status":"closed","ping_status":"closed","template":"temaplates\/page-full-width.php","meta":[],"acf":[],"yoast_head":"<!-- This site is optimized with the Yoast SEO plugin v17.6 - https:\/\/yoast.com\/wordpress\/plugins\/seo\/ -->\n<title>Cookie Policy - Areas | Italia<\/title>\n<meta name=\"robots\" content=\"index, follow, max-snippet:-1, max-image-preview:large, max-video-preview:-1\" \/>\n<link rel=\"canonical\" href=\"https:\/\/it.areas.com\/it\/cookie-policy\/\" \/>\n<meta property=\"og:locale\" content=\"it_IT\" \/>\n<meta property=\"og:type\" content=\"article\" \/>\n<meta property=\"og:title\" content=\"Cookie Policy - Areas | Italia\" \/>\n<meta property=\"og:description\" content=\"Che cos\u2019\u00e8 un cookie? &#8220;I cookie sono piccole quantit\u00e0 di informazioni archiviate nel browser utilizzate da ciascun utente (di seguito, \u201cUtente\u201d o \u201cUtenti\u201d) in modo che il server ricordi determinate informazioni che in seguito verranno lette solo dal server che le ha implementate. I cookie hanno generalmente una durata limitata nel tempo. I cookie consentono[...]\" \/>\n<meta property=\"og:url\" content=\"https:\/\/it.areas.com\/it\/cookie-policy\/\" \/>\n<meta property=\"og:site_name\" content=\"Areas | Italia\" \/>\n<meta property=\"article:modified_time\" content=\"2023-06-13T08:51:30+00:00\" \/>\n<meta name=\"twitter:card\" content=\"summary_large_image\" \/>\n<meta name=\"twitter:label1\" content=\"Est. reading time\" \/>\n\t<meta name=\"twitter:data1\" content=\"4 minuti\" \/>\n<script type=\"application\/ld+json\" class=\"yoast-schema-graph\">{\"@context\":\"https:\/\/schema.org\",\"@graph\":[{\"@type\":\"WebSite\",\"@id\":\"https:\/\/it.areas.com\/it\/#website\",\"url\":\"https:\/\/it.areas.com\/it\/\",\"name\":\"Areas | Italia\",\"description\":\"Just another Sites Areas  site\",\"potentialAction\":[{\"@type\":\"SearchAction\",\"target\":{\"@type\":\"EntryPoint\",\"urlTemplate\":\"https:\/\/it.areas.com\/it\/?s={search_term_string}\"},\"query-input\":\"required name=search_term_string\"}],\"inLanguage\":\"it-IT\"},{\"@type\":\"WebPage\",\"@id\":\"https:\/\/it.areas.com\/it\/cookie-policy\/#webpage\",\"url\":\"https:\/\/it.areas.com\/it\/cookie-policy\/\",\"name\":\"Cookie Policy - Areas | Italia\",\"isPartOf\":{\"@id\":\"https:\/\/it.areas.com\/it\/#website\"},\"datePublished\":\"2019-11-15T15:48:30+00:00\",\"dateModified\":\"2023-06-13T08:51:30+00:00\",\"breadcrumb\":{\"@id\":\"https:\/\/it.areas.com\/it\/cookie-policy\/#breadcrumb\"},\"inLanguage\":\"it-IT\",\"potentialAction\":[{\"@type\":\"ReadAction\",\"target\":[\"https:\/\/it.areas.com\/it\/cookie-policy\/\"]}]},{\"@type\":\"BreadcrumbList\",\"@id\":\"https:\/\/it.areas.com\/it\/cookie-policy\/#breadcrumb\",\"itemListElement\":[{\"@type\":\"ListItem\",\"position\":1,\"name\":\"Home\",\"item\":\"https:\/\/it.areas.com\/it\/\"},{\"@type\":\"ListItem\",\"position\":2,\"name\":\"Cookie Policy\"}]}]}<\/script>\n<!-- \/ Yoast SEO plugin. -->","yoast_head_json":{"title":"Cookie Policy - Areas | Italia","robots":{"index":"index","follow":"follow","max-snippet":"max-snippet:-1","max-image-preview":"max-image-preview:large","max-video-preview":"max-video-preview:-1"},"canonical":"https:\/\/it.areas.com\/it\/cookie-policy\/","og_locale":"it_IT","og_type":"article","og_title":"Cookie Policy - Areas | Italia","og_description":"Che cos\u2019\u00e8 un cookie? &#8220;I cookie sono piccole quantit\u00e0 di informazioni archiviate nel browser utilizzate da ciascun utente (di seguito, \u201cUtente\u201d o \u201cUtenti\u201d) in modo che il server ricordi determinate informazioni che in seguito verranno lette solo dal server che le ha implementate. I cookie hanno generalmente una durata limitata nel tempo. I cookie consentono[...]","og_url":"https:\/\/it.areas.com\/it\/cookie-policy\/","og_site_name":"Areas | Italia","article_modified_time":"2023-06-13T08:51:30+00:00","twitter_card":"summary_large_image","twitter_misc":{"Est. reading time":"4 minuti"},"schema":{"@context":"https:\/\/schema.org","@graph":[{"@type":"WebSite","@id":"https:\/\/it.areas.com\/it\/#website","url":"https:\/\/it.areas.com\/it\/","name":"Areas | Italia","description":"Just another Sites Areas  site","potentialAction":[{"@type":"SearchAction","target":{"@type":"EntryPoint","urlTemplate":"https:\/\/it.areas.com\/it\/?s={search_term_string}"},"query-input":"required name=search_term_string"}],"inLanguage":"it-IT"},{"@type":"WebPage","@id":"https:\/\/it.areas.com\/it\/cookie-policy\/#webpage","url":"https:\/\/it.areas.com\/it\/cookie-policy\/","name":"Cookie Policy - Areas | Italia","isPartOf":{"@id":"https:\/\/it.areas.com\/it\/#website"},"datePublished":"2019-11-15T15:48:30+00:00","dateModified":"2023-06-13T08:51:30+00:00","breadcrumb":{"@id":"https:\/\/it.areas.com\/it\/cookie-policy\/#breadcrumb"},"inLanguage":"it-IT","potentialAction":[{"@type":"ReadAction","target":["https:\/\/it.areas.com\/it\/cookie-policy\/"]}]},{"@type":"BreadcrumbList","@id":"https:\/\/it.areas.com\/it\/cookie-policy\/#breadcrumb","itemListElement":[{"@type":"ListItem","position":1,"name":"Home","item":"https:\/\/it.areas.com\/it\/"},{"@type":"ListItem","position":2,"name":"Cookie Policy"}]}]}},"_links":{"self":[{"href":"https:\/\/it.areas.com\/it\/wp-json\/wp\/v2\/pages\/916"}],"collection":[{"href":"https:\/\/it.areas.com\/it\/wp-json\/wp\/v2\/pages"}],"about":[{"href":"https:\/\/it.areas.com\/it\/wp-json\/wp\/v2\/types\/page"}],"author":[{"embeddable":true,"href":"https:\/\/it.areas.com\/it\/wp-json\/wp\/v2\/users\/2"}],"replies":[{"embeddable":true,"href":"https:\/\/it.areas.com\/it\/wp-json\/wp\/v2\/comments?post=916"}],"version-history":[{"count":15,"href":"https:\/\/it.areas.com\/it\/wp-json\/wp\/v2\/pages\/916\/revisions"}],"predecessor-version":[{"id":1561,"href":"https:\/\/it.areas.com\/it\/wp-json\/wp\/v2\/pages\/916\/revisions\/1561"}],"wp:attachment":[{"href":"https:\/\/it.areas.com\/it\/wp-json\/wp\/v2\/media?parent=916"}],"curies":[{"name":"wp","href":"https:\/\/api.w.org\/{rel}","templated":true}]}}