{"id":5,"date":"2019-09-12T09:47:50","date_gmt":"2019-09-12T09:47:50","guid":{"rendered":"https:\/\/it.areas.com\/?page_id=5"},"modified":"2026-04-29T16:10:41","modified_gmt":"2026-04-29T16:10:41","slug":"home","status":"publish","type":"page","link":"https:\/\/it.areas.com\/it\/","title":{"rendered":"Home"},"content":{"rendered":"","protected":false},"excerpt":{"rendered":"","protected":false},"author":1,"featured_media":0,"parent":0,"menu_order":0,"comment_status":"closed","ping_status":"closed","template":"temaplates\/page-full-width.php","meta":[],"acf":[],"yoast_head":"<!-- This site is optimized with the Yoast SEO plugin v17.6 - https:\/\/yoast.com\/wordpress\/plugins\/seo\/ -->\n<title>Reinventiamo l\u2019ospitalit\u00e0 in viaggio | Areas Italia<\/title>\n<meta name=\"description\" content=\"Areas Italia \u00e8 leader negli Aeroporti, fra i primi operatori nel comparto autostradale italiano ed \u00e8 presente in siti come fiere e centri direzionali.\" \/>\n<meta name=\"robots\" content=\"index, follow, max-snippet:-1, max-image-preview:large, max-video-preview:-1\" \/>\n<link rel=\"canonical\" href=\"https:\/\/it.areas.com\/it\/\" \/>\n<meta property=\"og:locale\" content=\"it_IT\" \/>\n<meta property=\"og:type\" content=\"article\" \/>\n<meta property=\"og:title\" content=\"Reinventiamo l\u2019ospitalit\u00e0 in viaggio | Areas Italia\" \/>\n<meta property=\"og:description\" content=\"Leader in Italia nella ristorazione da viaggio negli aeroporti\" \/>\n<meta property=\"og:url\" content=\"https:\/\/it.areas.com\/it\/\" \/>\n<meta property=\"og:site_name\" content=\"Areas | Italia\" \/>\n<meta property=\"article:modified_time\" content=\"2026-04-29T16:10:41+00:00\" \/>\n<meta name=\"twitter:card\" content=\"summary_large_image\" \/>\n<meta name=\"twitter:title\" content=\"Reinventiamo l\u2019ospitalit\u00e0 in viaggio | Areas Italia\" \/>\n<meta name=\"twitter:description\" content=\"Leader in Italia nella ristorazione da viaggio negli aeroporti\" \/>\n<script type=\"application\/ld+json\" class=\"yoast-schema-graph\">{\"@context\":\"https:\/\/schema.org\",\"@graph\":[{\"@type\":\"WebSite\",\"@id\":\"https:\/\/it.areas.com\/it\/#website\",\"url\":\"https:\/\/it.areas.com\/it\/\",\"name\":\"Areas | Italia\",\"description\":\"Just another Sites Areas  site\",\"potentialAction\":[{\"@type\":\"SearchAction\",\"target\":{\"@type\":\"EntryPoint\",\"urlTemplate\":\"https:\/\/it.areas.com\/it\/?s={search_term_string}\"},\"query-input\":\"required name=search_term_string\"}],\"inLanguage\":\"it-IT\"},{\"@type\":\"WebPage\",\"@id\":\"https:\/\/it.areas.com\/it\/#webpage\",\"url\":\"https:\/\/it.areas.com\/it\/\",\"name\":\"Reinventiamo l\\u2019ospitalit\\u00e0 in viaggio | Areas Italia\",\"isPartOf\":{\"@id\":\"https:\/\/it.areas.com\/it\/#website\"},\"datePublished\":\"2019-09-12T09:47:50+00:00\",\"dateModified\":\"2026-04-29T16:10:41+00:00\",\"description\":\"Areas Italia \\u00e8 leader negli Aeroporti, fra i primi operatori nel comparto autostradale italiano ed \\u00e8 presente in siti come fiere e centri direzionali.\",\"breadcrumb\":{\"@id\":\"https:\/\/it.areas.com\/it\/#breadcrumb\"},\"inLanguage\":\"it-IT\",\"potentialAction\":[{\"@type\":\"ReadAction\",\"target\":[\"https:\/\/it.areas.com\/it\/\"]}]},{\"@type\":\"BreadcrumbList\",\"@id\":\"https:\/\/it.areas.com\/it\/#breadcrumb\",\"itemListElement\":[{\"@type\":\"ListItem\",\"position\":1,\"name\":\"Home\",\"item\":\"https:\/\/it.areas.com\/it\/\"},{\"@type\":\"ListItem\",\"position\":2,\"name\":\"Home\"}]}]}<\/script>\n<!-- \/ Yoast SEO plugin. -->","yoast_head_json":{"title":"Reinventiamo l\u2019ospitalit\u00e0 in viaggio | Areas Italia","description":"Areas Italia \u00e8 leader negli Aeroporti, fra i primi operatori nel comparto autostradale italiano ed \u00e8 presente in siti come fiere e centri direzionali.","robots":{"index":"index","follow":"follow","max-snippet":"max-snippet:-1","max-image-preview":"max-image-preview:large","max-video-preview":"max-video-preview:-1"},"canonical":"https:\/\/it.areas.com\/it\/","og_locale":"it_IT","og_type":"article","og_title":"Reinventiamo l\u2019ospitalit\u00e0 in viaggio | Areas Italia","og_description":"Leader in Italia nella ristorazione da viaggio negli aeroporti","og_url":"https:\/\/it.areas.com\/it\/","og_site_name":"Areas | Italia","article_modified_time":"2026-04-29T16:10:41+00:00","twitter_card":"summary_large_image","twitter_title":"Reinventiamo l\u2019ospitalit\u00e0 in viaggio | Areas Italia","twitter_description":"Leader in Italia nella ristorazione da viaggio negli aeroporti","schema":{"@context":"https:\/\/schema.org","@graph":[{"@type":"WebSite","@id":"https:\/\/it.areas.com\/it\/#website","url":"https:\/\/it.areas.com\/it\/","name":"Areas | Italia","description":"Just another Sites Areas  site","potentialAction":[{"@type":"SearchAction","target":{"@type":"EntryPoint","urlTemplate":"https:\/\/it.areas.com\/it\/?s={search_term_string}"},"query-input":"required name=search_term_string"}],"inLanguage":"it-IT"},{"@type":"WebPage","@id":"https:\/\/it.areas.com\/it\/#webpage","url":"https:\/\/it.areas.com\/it\/","name":"Reinventiamo l\u2019ospitalit\u00e0 in viaggio | Areas Italia","isPartOf":{"@id":"https:\/\/it.areas.com\/it\/#website"},"datePublished":"2019-09-12T09:47:50+00:00","dateModified":"2026-04-29T16:10:41+00:00","description":"Areas Italia \u00e8 leader negli Aeroporti, fra i primi operatori nel comparto autostradale italiano ed \u00e8 presente in siti come fiere e centri direzionali.","breadcrumb":{"@id":"https:\/\/it.areas.com\/it\/#breadcrumb"},"inLanguage":"it-IT","potentialAction":[{"@type":"ReadAction","target":["https:\/\/it.areas.com\/it\/"]}]},{"@type":"BreadcrumbList","@id":"https:\/\/it.areas.com\/it\/#breadcrumb","itemListElement":[{"@type":"ListItem","position":1,"name":"Home","item":"https:\/\/it.areas.com\/it\/"},{"@type":"ListItem","position":2,"name":"Home"}]}]}},"_links":{"self":[{"href":"https:\/\/it.areas.com\/it\/wp-json\/wp\/v2\/pages\/5"}],"collection":[{"href":"https:\/\/it.areas.com\/it\/wp-json\/wp\/v2\/pages"}],"about":[{"href":"https:\/\/it.areas.com\/it\/wp-json\/wp\/v2\/types\/page"}],"author":[{"embeddable":true,"href":"https:\/\/it.areas.com\/it\/wp-json\/wp\/v2\/users\/1"}],"replies":[{"embeddable":true,"href":"https:\/\/it.areas.com\/it\/wp-json\/wp\/v2\/comments?post=5"}],"version-history":[{"count":82,"href":"https:\/\/it.areas.com\/it\/wp-json\/wp\/v2\/pages\/5\/revisions"}],"predecessor-version":[{"id":2614,"href":"https:\/\/it.areas.com\/it\/wp-json\/wp\/v2\/pages\/5\/revisions\/2614"}],"wp:attachment":[{"href":"https:\/\/it.areas.com\/it\/wp-json\/wp\/v2\/media?parent=5"}],"curies":[{"name":"wp","href":"https:\/\/api.w.org\/{rel}","templated":true}]}}