{"id":2453,"date":"2025-04-28T14:39:01","date_gmt":"2025-04-28T14:39:01","guid":{"rendered":"https:\/\/it.areas.com\/?page_id=2453"},"modified":"2025-04-28T14:41:09","modified_gmt":"2025-04-28T14:41:09","slug":"pizzachef","status":"publish","type":"page","link":"https:\/\/it.areas.com\/it\/pizzachef\/","title":{"rendered":"PizzaChef"},"content":{"rendered":"<h1>PizzaChef<\/h1>\n<p><img class=\"size-medium wp-image-2454 aligncenter\" src=\"https:\/\/it.areas.com\/wp-content\/uploads\/sites\/9\/2025\/04\/PizzaChef-Logo-300x300.png\" alt=\"PizzaChef\" width=\"300\" height=\"300\" srcset=\"https:\/\/it.areas.com\/wp-content\/uploads\/sites\/9\/2025\/04\/PizzaChef-Logo-300x300.png 300w, https:\/\/it.areas.com\/wp-content\/uploads\/sites\/9\/2025\/04\/PizzaChef-Logo-150x150.png 150w, https:\/\/it.areas.com\/wp-content\/uploads\/sites\/9\/2025\/04\/PizzaChef-Logo.png 512w\" sizes=\"(max-width: 300px) 100vw, 300px\" \/><\/p>\n<p><strong>PizzaChef<\/strong> \u00e8 un marchio di propriet\u00e0 di MyChef che offre una variet\u00e0 di pizze alte che sapranno <strong>soddisfare ogni voglia del viaggiatore<\/strong> autostradale e aeroportuale.<\/p>\n<p>L\u2019impasto della pizza, delicato e croccante, \u00e8 studiato per realizzare un <strong>prodotto digeribile e che non appesantisca<\/strong>. Questo \u00e8 reso possibile anche dall\u2019uso della farina 0 e 00, dal lievito madre, dalla <strong>lunga lievitazione<\/strong> e dalle materie prime scelte. La variet\u00e0 degli ingredienti scelti cambia in base alla stagione, per proporre sempre un prodotto ottimale.<\/p>\n<p>L\u2019offerta food \u00e8 pensata per <strong>andare incontro alle diverse esigenze alimentari<\/strong>, da quelle vegetariane come la Margherita, Marinara, Parmigiana od Ortolana, quelle con i salumi come la pizza con il salame piccante o pancetta e patate.<\/p>\n<p>&nbsp;<\/p>\n<p>Presenza di PizzaChef a nei punti vendita MyChef<\/p>\n<p><strong>AUTOSTRADE<\/strong><\/p>\n<p>&#8211; Crocetta Nord<br \/>\n&#8211; Ponte nelle Alpi Ovest<\/p>\n<p>&nbsp;<\/p>\n<p>&nbsp;<\/p>\n<p>&nbsp;<\/p>\n","protected":false},"excerpt":{"rendered":"<p>PizzaChef PizzaChef \u00e8 un marchio di propriet\u00e0 di MyChef che offre una variet\u00e0 di pizze alte che sapranno soddisfare ogni voglia del viaggiatore autostradale e aeroportuale. L\u2019impasto della piz","protected":false},"author":57,"featured_media":0,"parent":0,"menu_order":0,"comment_status":"closed","ping_status":"closed","template":"temaplates\/page-full-width.php","meta":[],"acf":[],"yoast_head":"<!-- This site is optimized with the Yoast SEO plugin v17.6 - https:\/\/yoast.com\/wordpress\/plugins\/seo\/ -->\n<title>PizzaChef - Areas | Italia<\/title>\n<meta name=\"robots\" content=\"index, follow, max-snippet:-1, max-image-preview:large, max-video-preview:-1\" \/>\n<link rel=\"canonical\" href=\"https:\/\/it.areas.com\/it\/pizzachef\/\" \/>\n<meta property=\"og:locale\" content=\"it_IT\" \/>\n<meta property=\"og:type\" content=\"article\" \/>\n<meta property=\"og:title\" content=\"PizzaChef - Areas | Italia\" \/>\n<meta property=\"og:description\" content=\"PizzaChef PizzaChef \u00e8 un marchio di propriet\u00e0 di MyChef che offre una variet\u00e0 di pizze alte che sapranno soddisfare ogni voglia del viaggiatore autostradale e aeroportuale. L\u2019impasto della pizza, delicato e croccante, \u00e8 studiato per realizzare un prodotto digeribile e che non appesantisca. Questo \u00e8 reso possibile anche dall\u2019uso della farina 0 e 00, dal[...]\" \/>\n<meta property=\"og:url\" content=\"https:\/\/it.areas.com\/it\/pizzachef\/\" \/>\n<meta property=\"og:site_name\" content=\"Areas | Italia\" \/>\n<meta property=\"article:modified_time\" content=\"2025-04-28T14:41:09+00:00\" \/>\n<meta property=\"og:image\" content=\"https:\/\/it.areas.com\/wp-content\/uploads\/sites\/9\/2025\/04\/PizzaChef-Logo-300x300.png\" \/>\n<meta name=\"twitter:card\" content=\"summary_large_image\" \/>\n<meta name=\"twitter:label1\" content=\"Est. reading time\" \/>\n\t<meta name=\"twitter:data1\" content=\"1 minuto\" \/>\n<script type=\"application\/ld+json\" class=\"yoast-schema-graph\">{\"@context\":\"https:\/\/schema.org\",\"@graph\":[{\"@type\":\"WebSite\",\"@id\":\"https:\/\/it.areas.com\/it\/#website\",\"url\":\"https:\/\/it.areas.com\/it\/\",\"name\":\"Areas | Italia\",\"description\":\"Just another Sites Areas  site\",\"potentialAction\":[{\"@type\":\"SearchAction\",\"target\":{\"@type\":\"EntryPoint\",\"urlTemplate\":\"https:\/\/it.areas.com\/it\/?s={search_term_string}\"},\"query-input\":\"required name=search_term_string\"}],\"inLanguage\":\"it-IT\"},{\"@type\":\"ImageObject\",\"@id\":\"https:\/\/it.areas.com\/it\/pizzachef\/#primaryimage\",\"inLanguage\":\"it-IT\",\"url\":\"https:\/\/it.areas.com\/wp-content\/uploads\/sites\/9\/2025\/04\/PizzaChef-Logo.png\",\"contentUrl\":\"https:\/\/it.areas.com\/wp-content\/uploads\/sites\/9\/2025\/04\/PizzaChef-Logo.png\",\"width\":512,\"height\":512,\"caption\":\"PizzaChef\"},{\"@type\":\"WebPage\",\"@id\":\"https:\/\/it.areas.com\/it\/pizzachef\/#webpage\",\"url\":\"https:\/\/it.areas.com\/it\/pizzachef\/\",\"name\":\"PizzaChef - Areas | Italia\",\"isPartOf\":{\"@id\":\"https:\/\/it.areas.com\/it\/#website\"},\"primaryImageOfPage\":{\"@id\":\"https:\/\/it.areas.com\/it\/pizzachef\/#primaryimage\"},\"datePublished\":\"2025-04-28T14:39:01+00:00\",\"dateModified\":\"2025-04-28T14:41:09+00:00\",\"breadcrumb\":{\"@id\":\"https:\/\/it.areas.com\/it\/pizzachef\/#breadcrumb\"},\"inLanguage\":\"it-IT\",\"potentialAction\":[{\"@type\":\"ReadAction\",\"target\":[\"https:\/\/it.areas.com\/it\/pizzachef\/\"]}]},{\"@type\":\"BreadcrumbList\",\"@id\":\"https:\/\/it.areas.com\/it\/pizzachef\/#breadcrumb\",\"itemListElement\":[{\"@type\":\"ListItem\",\"position\":1,\"name\":\"Home\",\"item\":\"https:\/\/it.areas.com\/it\/\"},{\"@type\":\"ListItem\",\"position\":2,\"name\":\"PizzaChef\"}]}]}<\/script>\n<!-- \/ Yoast SEO plugin. -->","yoast_head_json":{"title":"PizzaChef - Areas | Italia","robots":{"index":"index","follow":"follow","max-snippet":"max-snippet:-1","max-image-preview":"max-image-preview:large","max-video-preview":"max-video-preview:-1"},"canonical":"https:\/\/it.areas.com\/it\/pizzachef\/","og_locale":"it_IT","og_type":"article","og_title":"PizzaChef - Areas | Italia","og_description":"PizzaChef PizzaChef \u00e8 un marchio di propriet\u00e0 di MyChef che offre una variet\u00e0 di pizze alte che sapranno soddisfare ogni voglia del viaggiatore autostradale e aeroportuale. L\u2019impasto della pizza, delicato e croccante, \u00e8 studiato per realizzare un prodotto digeribile e che non appesantisca. Questo \u00e8 reso possibile anche dall\u2019uso della farina 0 e 00, dal[...]","og_url":"https:\/\/it.areas.com\/it\/pizzachef\/","og_site_name":"Areas | Italia","article_modified_time":"2025-04-28T14:41:09+00:00","og_image":[{"url":"https:\/\/it.areas.com\/wp-content\/uploads\/sites\/9\/2025\/04\/PizzaChef-Logo-300x300.png"}],"twitter_card":"summary_large_image","twitter_misc":{"Est. reading time":"1 minuto"},"schema":{"@context":"https:\/\/schema.org","@graph":[{"@type":"WebSite","@id":"https:\/\/it.areas.com\/it\/#website","url":"https:\/\/it.areas.com\/it\/","name":"Areas | Italia","description":"Just another Sites Areas  site","potentialAction":[{"@type":"SearchAction","target":{"@type":"EntryPoint","urlTemplate":"https:\/\/it.areas.com\/it\/?s={search_term_string}"},"query-input":"required name=search_term_string"}],"inLanguage":"it-IT"},{"@type":"ImageObject","@id":"https:\/\/it.areas.com\/it\/pizzachef\/#primaryimage","inLanguage":"it-IT","url":"https:\/\/it.areas.com\/wp-content\/uploads\/sites\/9\/2025\/04\/PizzaChef-Logo.png","contentUrl":"https:\/\/it.areas.com\/wp-content\/uploads\/sites\/9\/2025\/04\/PizzaChef-Logo.png","width":512,"height":512,"caption":"PizzaChef"},{"@type":"WebPage","@id":"https:\/\/it.areas.com\/it\/pizzachef\/#webpage","url":"https:\/\/it.areas.com\/it\/pizzachef\/","name":"PizzaChef - Areas | Italia","isPartOf":{"@id":"https:\/\/it.areas.com\/it\/#website"},"primaryImageOfPage":{"@id":"https:\/\/it.areas.com\/it\/pizzachef\/#primaryimage"},"datePublished":"2025-04-28T14:39:01+00:00","dateModified":"2025-04-28T14:41:09+00:00","breadcrumb":{"@id":"https:\/\/it.areas.com\/it\/pizzachef\/#breadcrumb"},"inLanguage":"it-IT","potentialAction":[{"@type":"ReadAction","target":["https:\/\/it.areas.com\/it\/pizzachef\/"]}]},{"@type":"BreadcrumbList","@id":"https:\/\/it.areas.com\/it\/pizzachef\/#breadcrumb","itemListElement":[{"@type":"ListItem","position":1,"name":"Home","item":"https:\/\/it.areas.com\/it\/"},{"@type":"ListItem","position":2,"name":"PizzaChef"}]}]}},"_links":{"self":[{"href":"https:\/\/it.areas.com\/it\/wp-json\/wp\/v2\/pages\/2453"}],"collection":[{"href":"https:\/\/it.areas.com\/it\/wp-json\/wp\/v2\/pages"}],"about":[{"href":"https:\/\/it.areas.com\/it\/wp-json\/wp\/v2\/types\/page"}],"author":[{"embeddable":true,"href":"https:\/\/it.areas.com\/it\/wp-json\/wp\/v2\/users\/57"}],"replies":[{"embeddable":true,"href":"https:\/\/it.areas.com\/it\/wp-json\/wp\/v2\/comments?post=2453"}],"version-history":[{"count":4,"href":"https:\/\/it.areas.com\/it\/wp-json\/wp\/v2\/pages\/2453\/revisions"}],"predecessor-version":[{"id":2458,"href":"https:\/\/it.areas.com\/it\/wp-json\/wp\/v2\/pages\/2453\/revisions\/2458"}],"wp:attachment":[{"href":"https:\/\/it.areas.com\/it\/wp-json\/wp\/v2\/media?parent=2453"}],"curies":[{"name":"wp","href":"https:\/\/api.w.org\/{rel}","templated":true}]}}