{"id":2278,"date":"2025-01-14T13:51:44","date_gmt":"2025-01-14T13:51:44","guid":{"rendered":"https:\/\/it.areas.com\/?page_id=2278"},"modified":"2025-04-28T13:20:24","modified_gmt":"2025-04-28T13:20:24","slug":"kikki-amore-per-il-caffe","status":"publish","type":"page","link":"https:\/\/it.areas.com\/it\/kikki-amore-per-il-caffe\/","title":{"rendered":"KIKKI &#8211; amore per il caff\u00e8"},"content":{"rendered":"<h1>KIKKI &#8211; amore per il caff\u00e8<\/h1>\n<p><img class=\"alignnone size-medium wp-image-2346\" src=\"https:\/\/it.areas.com\/wp-content\/uploads\/sites\/9\/2025\/01\/KIKKI-Logo-pagina-300x300.png\" alt=\"KIKKI - Logo pagina\" width=\"300\" height=\"300\" srcset=\"https:\/\/it.areas.com\/wp-content\/uploads\/sites\/9\/2025\/01\/KIKKI-Logo-pagina-300x300.png 300w, https:\/\/it.areas.com\/wp-content\/uploads\/sites\/9\/2025\/01\/KIKKI-Logo-pagina-150x150.png 150w, https:\/\/it.areas.com\/wp-content\/uploads\/sites\/9\/2025\/01\/KIKKI-Logo-pagina.png 512w\" sizes=\"(max-width: 300px) 100vw, 300px\" \/><\/p>\n<p><strong>KIKKI \u2013 amore per il caff\u00e8 <\/strong>\u00e8 una caffetteria elegante e raffinata dall\u2019anima internazionale creata da MyChef.<\/p>\n<p><strong>Le proposte di caffetteria, i prodotti da forno e gli invitanti piatti iconici <\/strong>fanno parte di un\u2019offerta dolce e salata unica; attuale e in linea con quello che oggi cerca il passeggero: un <strong>cibo sfizioso<\/strong>, da gustare anche da asporto. L\u2019attenta selezione dell\u2019offerta dei prodotti, curati dalle sapienti mani di Chef di fama nazionale, \u00e8 ideata per soddisfare le necessit\u00e0 di una clientela sempre pi\u00f9 esigente.<\/p>\n<p>I valori che si celano dietro a KIKKI sono l\u2019<strong>autenticit\u00e0 <\/strong>nella scelta delle materie prime, l\u2019<strong>innovazione <\/strong>nel proporre piatti sempre in linea con il target di clienti anticipando le esigenze di mercato e l\u2019<strong>amore per il caff\u00e8<\/strong>.<\/p>\n<p>Il concetto di KIKKI prende ispirazione dalla <strong>cultura del buon caff\u00e8<\/strong>, da gustare in ogni momento della giornata, con particolare attenzione sulla torrefazione italiana, <strong>un\u2019eccellenza riconosciuta in tutto il mondo<\/strong>, unita a una proposta food con prodotti del nostro Bel Paese mixati a quelli pi\u00f9 cosmopolita.<\/p>\n<p>&nbsp;<\/p>\n<p>Presenza di KIKKI &#8211; amore per il caff\u00e8 nei punti vendita MyChef<\/p>\n<p><strong>AUTOSTRADE<\/strong><\/p>\n<p>&#8211; Chatillon Nord<br \/>\n&#8211; San Martino Est<br \/>\n&#8211; Giove Est<\/p>\n<p><strong>AEROPORTI<\/strong><\/p>\n<p>&#8211; Aeroporto di Milano Malpensa T1 e T2<br \/>\n&#8211; Aeroporto Internazionale di Pisa &#8220;Galileo Galilei&#8221;<br \/>\n&#8211; Aeroporto di Roma Fiumicino &#8220;Leonardo da Vinci&#8221;<br \/>\n&#8211; Aeroporto di Alghero &#8211; Fertilia<\/p>\n<p>&nbsp;<\/p>\n","protected":false},"excerpt":{"rendered":"<p>KIKKI &#8211; amore per il caff\u00e8 KIKKI \u2013 amore per il caff\u00e8 \u00e8 una caffetteria elegante e raffinata dall\u2019anima internazionale creata da MyChef. Le proposte di caffetteria, i prodotti da forno","protected":false},"author":57,"featured_media":0,"parent":0,"menu_order":0,"comment_status":"closed","ping_status":"closed","template":"temaplates\/page-full-width.php","meta":[],"acf":[],"yoast_head":"<!-- This site is optimized with the Yoast SEO plugin v17.6 - https:\/\/yoast.com\/wordpress\/plugins\/seo\/ -->\n<title>KIKKI - amore per il caff\u00e8 - Areas | Italia<\/title>\n<meta name=\"robots\" content=\"index, follow, max-snippet:-1, max-image-preview:large, max-video-preview:-1\" \/>\n<link rel=\"canonical\" href=\"https:\/\/it.areas.com\/it\/kikki-amore-per-il-caffe\/\" \/>\n<meta property=\"og:locale\" content=\"it_IT\" \/>\n<meta property=\"og:type\" content=\"article\" \/>\n<meta property=\"og:title\" content=\"KIKKI - amore per il caff\u00e8 - Areas | Italia\" \/>\n<meta property=\"og:description\" content=\"KIKKI &#8211; amore per il caff\u00e8 KIKKI \u2013 amore per il caff\u00e8 \u00e8 una caffetteria elegante e raffinata dall\u2019anima internazionale creata da MyChef. Le proposte di caffetteria, i prodotti da forno e gli invitanti piatti iconici fanno parte di un\u2019offerta dolce e salata unica; attuale e in linea con quello che oggi cerca il passeggero:[...]\" \/>\n<meta property=\"og:url\" content=\"https:\/\/it.areas.com\/it\/kikki-amore-per-il-caffe\/\" \/>\n<meta property=\"og:site_name\" content=\"Areas | Italia\" \/>\n<meta property=\"article:modified_time\" content=\"2025-04-28T13:20:24+00:00\" \/>\n<meta property=\"og:image\" content=\"https:\/\/it.areas.com\/wp-content\/uploads\/sites\/9\/2025\/01\/KIKKI-Logo-pagina-300x300.png\" \/>\n<meta name=\"twitter:card\" content=\"summary_large_image\" \/>\n<meta name=\"twitter:label1\" content=\"Est. reading time\" \/>\n\t<meta name=\"twitter:data1\" content=\"1 minuto\" \/>\n<script type=\"application\/ld+json\" class=\"yoast-schema-graph\">{\"@context\":\"https:\/\/schema.org\",\"@graph\":[{\"@type\":\"WebSite\",\"@id\":\"https:\/\/it.areas.com\/it\/#website\",\"url\":\"https:\/\/it.areas.com\/it\/\",\"name\":\"Areas | Italia\",\"description\":\"Just another Sites Areas  site\",\"potentialAction\":[{\"@type\":\"SearchAction\",\"target\":{\"@type\":\"EntryPoint\",\"urlTemplate\":\"https:\/\/it.areas.com\/it\/?s={search_term_string}\"},\"query-input\":\"required name=search_term_string\"}],\"inLanguage\":\"it-IT\"},{\"@type\":\"ImageObject\",\"@id\":\"https:\/\/it.areas.com\/it\/kikki-amore-per-il-caffe\/#primaryimage\",\"inLanguage\":\"it-IT\",\"url\":\"https:\/\/it.areas.com\/wp-content\/uploads\/sites\/9\/2025\/01\/KIKKI-Logo-pagina.png\",\"contentUrl\":\"https:\/\/it.areas.com\/wp-content\/uploads\/sites\/9\/2025\/01\/KIKKI-Logo-pagina.png\",\"width\":512,\"height\":512,\"caption\":\"KIKKI - Logo pagina\"},{\"@type\":\"WebPage\",\"@id\":\"https:\/\/it.areas.com\/it\/kikki-amore-per-il-caffe\/#webpage\",\"url\":\"https:\/\/it.areas.com\/it\/kikki-amore-per-il-caffe\/\",\"name\":\"KIKKI - amore per il caff\\u00e8 - Areas | Italia\",\"isPartOf\":{\"@id\":\"https:\/\/it.areas.com\/it\/#website\"},\"primaryImageOfPage\":{\"@id\":\"https:\/\/it.areas.com\/it\/kikki-amore-per-il-caffe\/#primaryimage\"},\"datePublished\":\"2025-01-14T13:51:44+00:00\",\"dateModified\":\"2025-04-28T13:20:24+00:00\",\"breadcrumb\":{\"@id\":\"https:\/\/it.areas.com\/it\/kikki-amore-per-il-caffe\/#breadcrumb\"},\"inLanguage\":\"it-IT\",\"potentialAction\":[{\"@type\":\"ReadAction\",\"target\":[\"https:\/\/it.areas.com\/it\/kikki-amore-per-il-caffe\/\"]}]},{\"@type\":\"BreadcrumbList\",\"@id\":\"https:\/\/it.areas.com\/it\/kikki-amore-per-il-caffe\/#breadcrumb\",\"itemListElement\":[{\"@type\":\"ListItem\",\"position\":1,\"name\":\"Home\",\"item\":\"https:\/\/it.areas.com\/it\/\"},{\"@type\":\"ListItem\",\"position\":2,\"name\":\"KIKKI &#8211; amore per il caff\\u00e8\"}]}]}<\/script>\n<!-- \/ Yoast SEO plugin. -->","yoast_head_json":{"title":"KIKKI - amore per il caff\u00e8 - Areas | Italia","robots":{"index":"index","follow":"follow","max-snippet":"max-snippet:-1","max-image-preview":"max-image-preview:large","max-video-preview":"max-video-preview:-1"},"canonical":"https:\/\/it.areas.com\/it\/kikki-amore-per-il-caffe\/","og_locale":"it_IT","og_type":"article","og_title":"KIKKI - amore per il caff\u00e8 - Areas | Italia","og_description":"KIKKI &#8211; amore per il caff\u00e8 KIKKI \u2013 amore per il caff\u00e8 \u00e8 una caffetteria elegante e raffinata dall\u2019anima internazionale creata da MyChef. Le proposte di caffetteria, i prodotti da forno e gli invitanti piatti iconici fanno parte di un\u2019offerta dolce e salata unica; attuale e in linea con quello che oggi cerca il passeggero:[...]","og_url":"https:\/\/it.areas.com\/it\/kikki-amore-per-il-caffe\/","og_site_name":"Areas | Italia","article_modified_time":"2025-04-28T13:20:24+00:00","og_image":[{"url":"https:\/\/it.areas.com\/wp-content\/uploads\/sites\/9\/2025\/01\/KIKKI-Logo-pagina-300x300.png"}],"twitter_card":"summary_large_image","twitter_misc":{"Est. reading time":"1 minuto"},"schema":{"@context":"https:\/\/schema.org","@graph":[{"@type":"WebSite","@id":"https:\/\/it.areas.com\/it\/#website","url":"https:\/\/it.areas.com\/it\/","name":"Areas | Italia","description":"Just another Sites Areas  site","potentialAction":[{"@type":"SearchAction","target":{"@type":"EntryPoint","urlTemplate":"https:\/\/it.areas.com\/it\/?s={search_term_string}"},"query-input":"required name=search_term_string"}],"inLanguage":"it-IT"},{"@type":"ImageObject","@id":"https:\/\/it.areas.com\/it\/kikki-amore-per-il-caffe\/#primaryimage","inLanguage":"it-IT","url":"https:\/\/it.areas.com\/wp-content\/uploads\/sites\/9\/2025\/01\/KIKKI-Logo-pagina.png","contentUrl":"https:\/\/it.areas.com\/wp-content\/uploads\/sites\/9\/2025\/01\/KIKKI-Logo-pagina.png","width":512,"height":512,"caption":"KIKKI - Logo pagina"},{"@type":"WebPage","@id":"https:\/\/it.areas.com\/it\/kikki-amore-per-il-caffe\/#webpage","url":"https:\/\/it.areas.com\/it\/kikki-amore-per-il-caffe\/","name":"KIKKI - amore per il caff\u00e8 - Areas | Italia","isPartOf":{"@id":"https:\/\/it.areas.com\/it\/#website"},"primaryImageOfPage":{"@id":"https:\/\/it.areas.com\/it\/kikki-amore-per-il-caffe\/#primaryimage"},"datePublished":"2025-01-14T13:51:44+00:00","dateModified":"2025-04-28T13:20:24+00:00","breadcrumb":{"@id":"https:\/\/it.areas.com\/it\/kikki-amore-per-il-caffe\/#breadcrumb"},"inLanguage":"it-IT","potentialAction":[{"@type":"ReadAction","target":["https:\/\/it.areas.com\/it\/kikki-amore-per-il-caffe\/"]}]},{"@type":"BreadcrumbList","@id":"https:\/\/it.areas.com\/it\/kikki-amore-per-il-caffe\/#breadcrumb","itemListElement":[{"@type":"ListItem","position":1,"name":"Home","item":"https:\/\/it.areas.com\/it\/"},{"@type":"ListItem","position":2,"name":"KIKKI &#8211; amore per il caff\u00e8"}]}]}},"_links":{"self":[{"href":"https:\/\/it.areas.com\/it\/wp-json\/wp\/v2\/pages\/2278"}],"collection":[{"href":"https:\/\/it.areas.com\/it\/wp-json\/wp\/v2\/pages"}],"about":[{"href":"https:\/\/it.areas.com\/it\/wp-json\/wp\/v2\/types\/page"}],"author":[{"embeddable":true,"href":"https:\/\/it.areas.com\/it\/wp-json\/wp\/v2\/users\/57"}],"replies":[{"embeddable":true,"href":"https:\/\/it.areas.com\/it\/wp-json\/wp\/v2\/comments?post=2278"}],"version-history":[{"count":5,"href":"https:\/\/it.areas.com\/it\/wp-json\/wp\/v2\/pages\/2278\/revisions"}],"predecessor-version":[{"id":2450,"href":"https:\/\/it.areas.com\/it\/wp-json\/wp\/v2\/pages\/2278\/revisions\/2450"}],"wp:attachment":[{"href":"https:\/\/it.areas.com\/it\/wp-json\/wp\/v2\/media?parent=2278"}],"curies":[{"name":"wp","href":"https:\/\/api.w.org\/{rel}","templated":true}]}}