{"id":2236,"date":"2025-01-13T17:01:42","date_gmt":"2025-01-13T17:01:42","guid":{"rendered":"https:\/\/it.areas.com\/?page_id=2236"},"modified":"2025-04-28T13:55:06","modified_gmt":"2025-04-28T13:55:06","slug":"caffe-vergnano-1882","status":"publish","type":"page","link":"https:\/\/it.areas.com\/it\/caffe-vergnano-1882\/","title":{"rendered":"Caff\u00e8 Vergnano 1882"},"content":{"rendered":"<h1>Caff\u00e8 Vergnano 1882<\/h1>\n<p><img class=\"alignnone size-medium wp-image-2331\" src=\"https:\/\/it.areas.com\/wp-content\/uploads\/sites\/9\/2025\/01\/Caffe-Vergnano-1882-Logo-300x300.png\" alt=\"Caff\u00e8 Vergnano 1882 - Logo\" width=\"300\" height=\"300\" srcset=\"https:\/\/it.areas.com\/wp-content\/uploads\/sites\/9\/2025\/01\/Caffe-Vergnano-1882-Logo-300x300.png 300w, https:\/\/it.areas.com\/wp-content\/uploads\/sites\/9\/2025\/01\/Caffe-Vergnano-1882-Logo-150x150.png 150w, https:\/\/it.areas.com\/wp-content\/uploads\/sites\/9\/2025\/01\/Caffe-Vergnano-1882-Logo.png 512w\" sizes=\"(max-width: 300px) 100vw, 300px\" \/><\/p>\n<p><strong>Vergnano \u00e8 la pi\u00f9 antica azienda italiana produttrice di caff\u00e8<\/strong>, specializzata nella scelta e nella tostatura del Caff\u00e8 Verde proveniente dall\u2019Etiopia e nelle relazioni con fornitori da ogni parte del mondo al fine <strong>di creare le preziose miscele<\/strong> che vengono servite nei migliori bar. I chicchi vengono immagazzinati e tostati nella sede di Torino, al fine di <strong>monitorare quotidianamente la qualit\u00e0<\/strong>.<\/p>\n<p>All\u2019interno di Caff\u00e8 Vergnano 1882 ogni pausa caff\u00e8 si trasformer\u00e0 in un momento unico, di puro piacere, grazie alla proposta delle due miscele premium, i cui chicchi vengono attentamente selezionati per <strong>garantire il profumo e l\u2019aroma dell\u2019autentico espresso italiano<\/strong>. La miscela 100% arabica, dal sapore intenso e corposo e la miscela, sempre arabica, proveniente da coltivazioni di caff\u00e8 biologiche; entrambe perfette per essere abbinate a un gustoso croissant, gustate a fine pasto o per concedersi una dolce pausa seduti al tavolo dell\u2019accogliente caffetteria.<\/p>\n<p>&nbsp;<\/p>\n<p>Presenza di Caff\u00e8 Vergnano 1882 nei punti vendita MyChef<\/p>\n<p><strong>AUTOSTRADE<\/strong><\/p>\n<p>&#8211; Muggiano Ovest<\/p>\n<p><strong>AEROPORTI<\/strong><\/p>\n<p>&#8211; Aeroporto di Roma \u2013 Fiumicino &#8220;Leonardo da Vinci&#8221;<\/p>\n<p><strong>STAZIONI<\/strong><\/p>\n<p>&#8211; Stazione di Roma Termini<\/p>\n<p><strong>FIERE<\/strong><\/p>\n<p>&#8211; Rho Fiera Milano<\/p>\n<p>&nbsp;<\/p>\n","protected":false},"excerpt":{"rendered":"<p>Caff\u00e8 Vergnano 1882 Vergnano \u00e8 la pi\u00f9 antica azienda italiana produttrice di caff\u00e8, specializzata nella scelta e nella tostatura del Caff\u00e8 Verde proveniente dall\u2019Etiopia e nelle relazioni co","protected":false},"author":57,"featured_media":0,"parent":0,"menu_order":0,"comment_status":"closed","ping_status":"closed","template":"temaplates\/page-full-width.php","meta":[],"acf":[],"yoast_head":"<!-- This site is optimized with the Yoast SEO plugin v17.6 - https:\/\/yoast.com\/wordpress\/plugins\/seo\/ -->\n<title>Caff\u00e8 Vergnano 1882 - Areas | Italia<\/title>\n<meta name=\"robots\" content=\"index, follow, max-snippet:-1, max-image-preview:large, max-video-preview:-1\" \/>\n<link rel=\"canonical\" href=\"https:\/\/it.areas.com\/it\/caffe-vergnano-1882\/\" \/>\n<meta property=\"og:locale\" content=\"it_IT\" \/>\n<meta property=\"og:type\" content=\"article\" \/>\n<meta property=\"og:title\" content=\"Caff\u00e8 Vergnano 1882 - Areas | Italia\" \/>\n<meta property=\"og:description\" content=\"Caff\u00e8 Vergnano 1882 Vergnano \u00e8 la pi\u00f9 antica azienda italiana produttrice di caff\u00e8, specializzata nella scelta e nella tostatura del Caff\u00e8 Verde proveniente dall\u2019Etiopia e nelle relazioni con fornitori da ogni parte del mondo al fine di creare le preziose miscele che vengono servite nei migliori bar. I chicchi vengono immagazzinati e tostati nella sede[...]\" \/>\n<meta property=\"og:url\" content=\"https:\/\/it.areas.com\/it\/caffe-vergnano-1882\/\" \/>\n<meta property=\"og:site_name\" content=\"Areas | Italia\" \/>\n<meta property=\"article:modified_time\" content=\"2025-04-28T13:55:06+00:00\" \/>\n<meta property=\"og:image\" content=\"https:\/\/it.areas.com\/wp-content\/uploads\/sites\/9\/2025\/01\/Caffe-Vergnano-1882-Logo-300x300.png\" \/>\n<meta name=\"twitter:card\" content=\"summary_large_image\" \/>\n<meta name=\"twitter:label1\" content=\"Est. reading time\" \/>\n\t<meta name=\"twitter:data1\" content=\"1 minuto\" \/>\n<script type=\"application\/ld+json\" class=\"yoast-schema-graph\">{\"@context\":\"https:\/\/schema.org\",\"@graph\":[{\"@type\":\"WebSite\",\"@id\":\"https:\/\/it.areas.com\/it\/#website\",\"url\":\"https:\/\/it.areas.com\/it\/\",\"name\":\"Areas | Italia\",\"description\":\"Just another Sites Areas  site\",\"potentialAction\":[{\"@type\":\"SearchAction\",\"target\":{\"@type\":\"EntryPoint\",\"urlTemplate\":\"https:\/\/it.areas.com\/it\/?s={search_term_string}\"},\"query-input\":\"required name=search_term_string\"}],\"inLanguage\":\"it-IT\"},{\"@type\":\"ImageObject\",\"@id\":\"https:\/\/it.areas.com\/it\/caffe-vergnano-1882\/#primaryimage\",\"inLanguage\":\"it-IT\",\"url\":\"https:\/\/it.areas.com\/wp-content\/uploads\/sites\/9\/2025\/01\/Caffe-Vergnano-1882-Logo.png\",\"contentUrl\":\"https:\/\/it.areas.com\/wp-content\/uploads\/sites\/9\/2025\/01\/Caffe-Vergnano-1882-Logo.png\",\"width\":512,\"height\":512,\"caption\":\"Caff\\u00e8 Vergnano 1882 - Logo\"},{\"@type\":\"WebPage\",\"@id\":\"https:\/\/it.areas.com\/it\/caffe-vergnano-1882\/#webpage\",\"url\":\"https:\/\/it.areas.com\/it\/caffe-vergnano-1882\/\",\"name\":\"Caff\\u00e8 Vergnano 1882 - Areas | Italia\",\"isPartOf\":{\"@id\":\"https:\/\/it.areas.com\/it\/#website\"},\"primaryImageOfPage\":{\"@id\":\"https:\/\/it.areas.com\/it\/caffe-vergnano-1882\/#primaryimage\"},\"datePublished\":\"2025-01-13T17:01:42+00:00\",\"dateModified\":\"2025-04-28T13:55:06+00:00\",\"breadcrumb\":{\"@id\":\"https:\/\/it.areas.com\/it\/caffe-vergnano-1882\/#breadcrumb\"},\"inLanguage\":\"it-IT\",\"potentialAction\":[{\"@type\":\"ReadAction\",\"target\":[\"https:\/\/it.areas.com\/it\/caffe-vergnano-1882\/\"]}]},{\"@type\":\"BreadcrumbList\",\"@id\":\"https:\/\/it.areas.com\/it\/caffe-vergnano-1882\/#breadcrumb\",\"itemListElement\":[{\"@type\":\"ListItem\",\"position\":1,\"name\":\"Home\",\"item\":\"https:\/\/it.areas.com\/it\/\"},{\"@type\":\"ListItem\",\"position\":2,\"name\":\"Caff\\u00e8 Vergnano 1882\"}]}]}<\/script>\n<!-- \/ Yoast SEO plugin. -->","yoast_head_json":{"title":"Caff\u00e8 Vergnano 1882 - Areas | Italia","robots":{"index":"index","follow":"follow","max-snippet":"max-snippet:-1","max-image-preview":"max-image-preview:large","max-video-preview":"max-video-preview:-1"},"canonical":"https:\/\/it.areas.com\/it\/caffe-vergnano-1882\/","og_locale":"it_IT","og_type":"article","og_title":"Caff\u00e8 Vergnano 1882 - Areas | Italia","og_description":"Caff\u00e8 Vergnano 1882 Vergnano \u00e8 la pi\u00f9 antica azienda italiana produttrice di caff\u00e8, specializzata nella scelta e nella tostatura del Caff\u00e8 Verde proveniente dall\u2019Etiopia e nelle relazioni con fornitori da ogni parte del mondo al fine di creare le preziose miscele che vengono servite nei migliori bar. I chicchi vengono immagazzinati e tostati nella sede[...]","og_url":"https:\/\/it.areas.com\/it\/caffe-vergnano-1882\/","og_site_name":"Areas | Italia","article_modified_time":"2025-04-28T13:55:06+00:00","og_image":[{"url":"https:\/\/it.areas.com\/wp-content\/uploads\/sites\/9\/2025\/01\/Caffe-Vergnano-1882-Logo-300x300.png"}],"twitter_card":"summary_large_image","twitter_misc":{"Est. reading time":"1 minuto"},"schema":{"@context":"https:\/\/schema.org","@graph":[{"@type":"WebSite","@id":"https:\/\/it.areas.com\/it\/#website","url":"https:\/\/it.areas.com\/it\/","name":"Areas | Italia","description":"Just another Sites Areas  site","potentialAction":[{"@type":"SearchAction","target":{"@type":"EntryPoint","urlTemplate":"https:\/\/it.areas.com\/it\/?s={search_term_string}"},"query-input":"required name=search_term_string"}],"inLanguage":"it-IT"},{"@type":"ImageObject","@id":"https:\/\/it.areas.com\/it\/caffe-vergnano-1882\/#primaryimage","inLanguage":"it-IT","url":"https:\/\/it.areas.com\/wp-content\/uploads\/sites\/9\/2025\/01\/Caffe-Vergnano-1882-Logo.png","contentUrl":"https:\/\/it.areas.com\/wp-content\/uploads\/sites\/9\/2025\/01\/Caffe-Vergnano-1882-Logo.png","width":512,"height":512,"caption":"Caff\u00e8 Vergnano 1882 - Logo"},{"@type":"WebPage","@id":"https:\/\/it.areas.com\/it\/caffe-vergnano-1882\/#webpage","url":"https:\/\/it.areas.com\/it\/caffe-vergnano-1882\/","name":"Caff\u00e8 Vergnano 1882 - Areas | Italia","isPartOf":{"@id":"https:\/\/it.areas.com\/it\/#website"},"primaryImageOfPage":{"@id":"https:\/\/it.areas.com\/it\/caffe-vergnano-1882\/#primaryimage"},"datePublished":"2025-01-13T17:01:42+00:00","dateModified":"2025-04-28T13:55:06+00:00","breadcrumb":{"@id":"https:\/\/it.areas.com\/it\/caffe-vergnano-1882\/#breadcrumb"},"inLanguage":"it-IT","potentialAction":[{"@type":"ReadAction","target":["https:\/\/it.areas.com\/it\/caffe-vergnano-1882\/"]}]},{"@type":"BreadcrumbList","@id":"https:\/\/it.areas.com\/it\/caffe-vergnano-1882\/#breadcrumb","itemListElement":[{"@type":"ListItem","position":1,"name":"Home","item":"https:\/\/it.areas.com\/it\/"},{"@type":"ListItem","position":2,"name":"Caff\u00e8 Vergnano 1882"}]}]}},"_links":{"self":[{"href":"https:\/\/it.areas.com\/it\/wp-json\/wp\/v2\/pages\/2236"}],"collection":[{"href":"https:\/\/it.areas.com\/it\/wp-json\/wp\/v2\/pages"}],"about":[{"href":"https:\/\/it.areas.com\/it\/wp-json\/wp\/v2\/types\/page"}],"author":[{"embeddable":true,"href":"https:\/\/it.areas.com\/it\/wp-json\/wp\/v2\/users\/57"}],"replies":[{"embeddable":true,"href":"https:\/\/it.areas.com\/it\/wp-json\/wp\/v2\/comments?post=2236"}],"version-history":[{"count":18,"href":"https:\/\/it.areas.com\/it\/wp-json\/wp\/v2\/pages\/2236\/revisions"}],"predecessor-version":[{"id":2332,"href":"https:\/\/it.areas.com\/it\/wp-json\/wp\/v2\/pages\/2236\/revisions\/2332"}],"wp:attachment":[{"href":"https:\/\/it.areas.com\/it\/wp-json\/wp\/v2\/media?parent=2236"}],"curies":[{"name":"wp","href":"https:\/\/api.w.org\/{rel}","templated":true}]}}